{"id":99,"date":"2017-04-08T18:39:14","date_gmt":"2017-04-08T16:39:14","guid":{"rendered":"https:\/\/www.ferienwohnung-lux.de\/?page_id=99"},"modified":"2023-04-02T20:17:04","modified_gmt":"2023-04-02T18:17:04","slug":"kontakt","status":"publish","type":"page","link":"https:\/\/www.ferienwohnung-lux.de\/index.php\/kontakt\/","title":{"rendered":"Kontakt \/ Impressum"},"content":{"rendered":"<p style=\"text-align: center;\">Kontaktieren Sie uns schnell und unproblematisch ..<\/p>\n<h4 style=\"text-align: center;\">Sie erreichen uns per E-Mail: <a href=\"mailto:info@ferienwohnung-lux.de\">info@ferienwohnung-lux.de<\/a><\/h4>\n<h4 style=\"text-align: center;\">Telefon: ++49 (0) 91 41 \/ 2 88 6 \u00a0&#8211; Telefax: ++49 (0) 9141 69 34<\/h4>\n<h4 style=\"text-align: center;\"><img loading=\"lazy\" decoding=\"async\" class=\"alignnone wp-image-269\" src=\"https:\/\/www.ferienwohnung-lux.de\/wp-content\/uploads\/2023\/04\/2048_FerienWohnung_in_Weissenburg_LUX_IMG_4261-1024x682.jpg\" alt=\"\" width=\"774\" height=\"516\" srcset=\"https:\/\/www.ferienwohnung-lux.de\/wp-content\/uploads\/2023\/04\/2048_FerienWohnung_in_Weissenburg_LUX_IMG_4261-1024x682.jpg 1024w, https:\/\/www.ferienwohnung-lux.de\/wp-content\/uploads\/2023\/04\/2048_FerienWohnung_in_Weissenburg_LUX_IMG_4261-300x200.jpg 300w, https:\/\/www.ferienwohnung-lux.de\/wp-content\/uploads\/2023\/04\/2048_FerienWohnung_in_Weissenburg_LUX_IMG_4261-768x512.jpg 768w, https:\/\/www.ferienwohnung-lux.de\/wp-content\/uploads\/2023\/04\/2048_FerienWohnung_in_Weissenburg_LUX_IMG_4261-1536x1024.jpg 1536w, https:\/\/www.ferienwohnung-lux.de\/wp-content\/uploads\/2023\/04\/2048_FerienWohnung_in_Weissenburg_LUX_IMG_4261.jpg 2024w\" sizes=\"auto, (max-width: 774px) 100vw, 774px\" \/><\/h4>\n<h4 style=\"text-align: center;\">Sonderw\u00fcnsche, Fragen, sp\u00e4tere Anreise &#8211; kl\u00e4ren Sie am besten direkt mit uns per E-Mail oder Telefon. Bezahlen k\u00f6nnen Sie bei uns sowohl Bar in Euro \u20ac &#8211; oder auf Wunsch auch gerne per EC Karte mit PIN.<\/h4>\n<h4 style=\"text-align: center;\">Inh.: Christina Lux, Rosenb\u00fchl 1, 91781 Wei\u00dfenburg in Bayern<\/h4>\n<p>&nbsp;<\/p>\n<p><span style=\"color: #ffffff;\">Ferienwohnung Wei\u00dfenburg, Unterkunft in Wei\u00dfenburg, Wei\u00dfenburg Unterkunft,Ferienwohnung Wei\u00dfenburg in Bayern,Ferienwohnung Wei\u00dfenburg, Urlaub in Wei\u00dfenburg,Hotel Wei\u00dfenburg,Wei\u00dfenburg Ferienwohnung,Ferienwohnung in Wei\u00dfenburg,Ferienwohnung Lux,Rosenb\u00fchl,Lux Wei\u00dfenburg,Hotel Wei\u00dfenburg,Hotel Altm\u00fchlsee,Ferienwohnung Brombachsee,Brombachsee Ferienwohnung,Urlaub mit Fahrrad,Altm\u00fchltal Ferienwohnung,Naturpark Altm\u00fchltal Ferienwohnung,Ferienwohnung Treuchtlingen,Ferienwohnung Pappenheim,Ferienwohnung Pleinfeld,Ferienwohnung Wei\u00dfenburg Gunzenhausen,Ferienwohnung Weissenburg,Ferienwohnung Weiszenburg,\u00dcbernachtung Wei\u00dfenburg,Monteurwohnung Wei\u00dfenburg, Wei\u00dfenburg Wohnung,Hotels Wei\u00dfenburg,Bett Wei\u00dfenburg,Hotel Wei\u00dfenburg in Bayern,Altm\u00fchltal Hotel,Ferienwohung Altm\u00fchlsee,Ferienwohnung Gunzenhausen,Franken Ferienwohnung,Spielwagenmesse N\u00fcrnberg Hotel,Hotel Spielwagenmesse,Messe N\u00fcrnberg,Hotel Spielwarenmesse,Ferienwohnung Roth<\/span><\/p>\n","protected":false},"excerpt":{"rendered":"<p>Kontaktieren Sie uns schnell und unproblematisch .. Sie erreichen uns per E-Mail: info@ferienwohnung-lux.de Telefon: ++49 (0) 91 41 \/ 2 88 6 \u00a0&#8211; Telefax: ++49 (0) 9141 69 34 Sonderw\u00fcnsche, Fragen, sp\u00e4tere Anreise &#8211; kl\u00e4ren Sie am besten direkt mit uns per E-Mail oder Telefon. Bezahlen k\u00f6nnen Sie bei uns sowohl Bar in Euro \u20ac<br \/><a class=\"moretag\" href=\"https:\/\/www.ferienwohnung-lux.de\/index.php\/kontakt\/\">+ Read More<\/a><\/p>\n","protected":false},"author":2,"featured_media":0,"parent":0,"menu_order":0,"comment_status":"closed","ping_status":"closed","template":"template_parts\/page-fullwidth_template.php","meta":{"footnotes":""},"class_list":["post-99","page","type-page","status-publish","hentry"],"yoast_head":"<!-- This site is optimized with the Yoast SEO plugin v27.4 - https:\/\/yoast.com\/product\/yoast-seo-wordpress\/ -->\n<title>Kontakt \/ Impressum - Ferienwohnung Lux<\/title>\n<meta name=\"description\" content=\"Die Ferienwohnung in Wei\u00dfenburg in Bayern, inweit von Brombachsee und Altm\u00fchltal, mitten im Fr\u00e4nkischen Seeland. 90 qm\u00b2, - f\u00fcr bis zu maximal 5 Personen.\" \/>\n<meta name=\"robots\" content=\"index, follow, max-snippet:-1, max-image-preview:large, max-video-preview:-1\" \/>\n<link rel=\"canonical\" href=\"https:\/\/www.ferienwohnung-lux.de\/index.php\/kontakt\/\" \/>\n<meta property=\"og:locale\" content=\"de_DE\" \/>\n<meta property=\"og:type\" content=\"article\" \/>\n<meta property=\"og:title\" content=\"Kontakt \/ Impressum - Ferienwohnung Lux\" \/>\n<meta property=\"og:description\" content=\"Die Ferienwohnung in Wei\u00dfenburg in Bayern, inweit von Brombachsee und Altm\u00fchltal, mitten im Fr\u00e4nkischen Seeland. 90 qm\u00b2, - f\u00fcr bis zu maximal 5 Personen.\" \/>\n<meta property=\"og:url\" content=\"https:\/\/www.ferienwohnung-lux.de\/index.php\/kontakt\/\" \/>\n<meta property=\"og:site_name\" content=\"Ferienwohnung Lux\" \/>\n<meta property=\"article:publisher\" content=\"https:\/\/www.facebook.com\/ferienwohnungLux\" \/>\n<meta property=\"article:modified_time\" content=\"2023-04-02T18:17:04+00:00\" \/>\n<meta property=\"og:image\" content=\"https:\/\/www.ferienwohnung-lux.de\/wp-content\/uploads\/2023\/04\/2048_FerienWohnung_in_Weissenburg_LUX_IMG_4261-1024x682.jpg\" \/>\n<meta name=\"twitter:card\" content=\"summary_large_image\" \/>\n<meta name=\"twitter:label1\" content=\"Gesch\u00e4tzte Lesezeit\" \/>\n\t<meta name=\"twitter:data1\" content=\"1\u00a0Minute\" \/>\n<script type=\"application\/ld+json\" class=\"yoast-schema-graph\">{\"@context\":\"https:\\\/\\\/schema.org\",\"@graph\":[{\"@type\":\"WebPage\",\"@id\":\"https:\\\/\\\/www.ferienwohnung-lux.de\\\/index.php\\\/kontakt\\\/\",\"url\":\"https:\\\/\\\/www.ferienwohnung-lux.de\\\/index.php\\\/kontakt\\\/\",\"name\":\"Kontakt \\\/ Impressum - Ferienwohnung Lux\",\"isPartOf\":{\"@id\":\"https:\\\/\\\/www.ferienwohnung-lux.de\\\/#website\"},\"primaryImageOfPage\":{\"@id\":\"https:\\\/\\\/www.ferienwohnung-lux.de\\\/index.php\\\/kontakt\\\/#primaryimage\"},\"image\":{\"@id\":\"https:\\\/\\\/www.ferienwohnung-lux.de\\\/index.php\\\/kontakt\\\/#primaryimage\"},\"thumbnailUrl\":\"https:\\\/\\\/www.ferienwohnung-lux.de\\\/wp-content\\\/uploads\\\/2023\\\/04\\\/2048_FerienWohnung_in_Weissenburg_LUX_IMG_4261-1024x682.jpg\",\"datePublished\":\"2017-04-08T16:39:14+00:00\",\"dateModified\":\"2023-04-02T18:17:04+00:00\",\"description\":\"Die Ferienwohnung in Wei\u00dfenburg in Bayern, inweit von Brombachsee und Altm\u00fchltal, mitten im Fr\u00e4nkischen Seeland. 90 qm\u00b2, - f\u00fcr bis zu maximal 5 Personen.\",\"breadcrumb\":{\"@id\":\"https:\\\/\\\/www.ferienwohnung-lux.de\\\/index.php\\\/kontakt\\\/#breadcrumb\"},\"inLanguage\":\"de\",\"potentialAction\":[{\"@type\":\"ReadAction\",\"target\":[\"https:\\\/\\\/www.ferienwohnung-lux.de\\\/index.php\\\/kontakt\\\/\"]}]},{\"@type\":\"ImageObject\",\"inLanguage\":\"de\",\"@id\":\"https:\\\/\\\/www.ferienwohnung-lux.de\\\/index.php\\\/kontakt\\\/#primaryimage\",\"url\":\"https:\\\/\\\/www.ferienwohnung-lux.de\\\/wp-content\\\/uploads\\\/2023\\\/04\\\/2048_FerienWohnung_in_Weissenburg_LUX_IMG_4261.jpg\",\"contentUrl\":\"https:\\\/\\\/www.ferienwohnung-lux.de\\\/wp-content\\\/uploads\\\/2023\\\/04\\\/2048_FerienWohnung_in_Weissenburg_LUX_IMG_4261.jpg\",\"width\":2024,\"height\":1349},{\"@type\":\"BreadcrumbList\",\"@id\":\"https:\\\/\\\/www.ferienwohnung-lux.de\\\/index.php\\\/kontakt\\\/#breadcrumb\",\"itemListElement\":[{\"@type\":\"ListItem\",\"position\":1,\"name\":\"Startseite\",\"item\":\"https:\\\/\\\/www.ferienwohnung-lux.de\\\/\"},{\"@type\":\"ListItem\",\"position\":2,\"name\":\"Kontakt \\\/ Impressum\"}]},{\"@type\":\"WebSite\",\"@id\":\"https:\\\/\\\/www.ferienwohnung-lux.de\\\/#website\",\"url\":\"https:\\\/\\\/www.ferienwohnung-lux.de\\\/\",\"name\":\"Ferienwohnung Lux\",\"description\":\"Urlaub in einer Ferienwohnung in Wei\u00dfenburg \\\/ Bayern -unweit vom Brombachsee\",\"potentialAction\":[{\"@type\":\"SearchAction\",\"target\":{\"@type\":\"EntryPoint\",\"urlTemplate\":\"https:\\\/\\\/www.ferienwohnung-lux.de\\\/?s={search_term_string}\"},\"query-input\":{\"@type\":\"PropertyValueSpecification\",\"valueRequired\":true,\"valueName\":\"search_term_string\"}}],\"inLanguage\":\"de\"}]}<\/script>\n<!-- \/ Yoast SEO plugin. -->","yoast_head_json":{"title":"Kontakt \/ Impressum - Ferienwohnung Lux","description":"Die Ferienwohnung in Wei\u00dfenburg in Bayern, inweit von Brombachsee und Altm\u00fchltal, mitten im Fr\u00e4nkischen Seeland. 90 qm\u00b2, - f\u00fcr bis zu maximal 5 Personen.","robots":{"index":"index","follow":"follow","max-snippet":"max-snippet:-1","max-image-preview":"max-image-preview:large","max-video-preview":"max-video-preview:-1"},"canonical":"https:\/\/www.ferienwohnung-lux.de\/index.php\/kontakt\/","og_locale":"de_DE","og_type":"article","og_title":"Kontakt \/ Impressum - Ferienwohnung Lux","og_description":"Die Ferienwohnung in Wei\u00dfenburg in Bayern, inweit von Brombachsee und Altm\u00fchltal, mitten im Fr\u00e4nkischen Seeland. 90 qm\u00b2, - f\u00fcr bis zu maximal 5 Personen.","og_url":"https:\/\/www.ferienwohnung-lux.de\/index.php\/kontakt\/","og_site_name":"Ferienwohnung Lux","article_publisher":"https:\/\/www.facebook.com\/ferienwohnungLux","article_modified_time":"2023-04-02T18:17:04+00:00","og_image":[{"url":"https:\/\/www.ferienwohnung-lux.de\/wp-content\/uploads\/2023\/04\/2048_FerienWohnung_in_Weissenburg_LUX_IMG_4261-1024x682.jpg","type":"","width":"","height":""}],"twitter_card":"summary_large_image","twitter_misc":{"Gesch\u00e4tzte Lesezeit":"1\u00a0Minute"},"schema":{"@context":"https:\/\/schema.org","@graph":[{"@type":"WebPage","@id":"https:\/\/www.ferienwohnung-lux.de\/index.php\/kontakt\/","url":"https:\/\/www.ferienwohnung-lux.de\/index.php\/kontakt\/","name":"Kontakt \/ Impressum - Ferienwohnung Lux","isPartOf":{"@id":"https:\/\/www.ferienwohnung-lux.de\/#website"},"primaryImageOfPage":{"@id":"https:\/\/www.ferienwohnung-lux.de\/index.php\/kontakt\/#primaryimage"},"image":{"@id":"https:\/\/www.ferienwohnung-lux.de\/index.php\/kontakt\/#primaryimage"},"thumbnailUrl":"https:\/\/www.ferienwohnung-lux.de\/wp-content\/uploads\/2023\/04\/2048_FerienWohnung_in_Weissenburg_LUX_IMG_4261-1024x682.jpg","datePublished":"2017-04-08T16:39:14+00:00","dateModified":"2023-04-02T18:17:04+00:00","description":"Die Ferienwohnung in Wei\u00dfenburg in Bayern, inweit von Brombachsee und Altm\u00fchltal, mitten im Fr\u00e4nkischen Seeland. 90 qm\u00b2, - f\u00fcr bis zu maximal 5 Personen.","breadcrumb":{"@id":"https:\/\/www.ferienwohnung-lux.de\/index.php\/kontakt\/#breadcrumb"},"inLanguage":"de","potentialAction":[{"@type":"ReadAction","target":["https:\/\/www.ferienwohnung-lux.de\/index.php\/kontakt\/"]}]},{"@type":"ImageObject","inLanguage":"de","@id":"https:\/\/www.ferienwohnung-lux.de\/index.php\/kontakt\/#primaryimage","url":"https:\/\/www.ferienwohnung-lux.de\/wp-content\/uploads\/2023\/04\/2048_FerienWohnung_in_Weissenburg_LUX_IMG_4261.jpg","contentUrl":"https:\/\/www.ferienwohnung-lux.de\/wp-content\/uploads\/2023\/04\/2048_FerienWohnung_in_Weissenburg_LUX_IMG_4261.jpg","width":2024,"height":1349},{"@type":"BreadcrumbList","@id":"https:\/\/www.ferienwohnung-lux.de\/index.php\/kontakt\/#breadcrumb","itemListElement":[{"@type":"ListItem","position":1,"name":"Startseite","item":"https:\/\/www.ferienwohnung-lux.de\/"},{"@type":"ListItem","position":2,"name":"Kontakt \/ Impressum"}]},{"@type":"WebSite","@id":"https:\/\/www.ferienwohnung-lux.de\/#website","url":"https:\/\/www.ferienwohnung-lux.de\/","name":"Ferienwohnung Lux","description":"Urlaub in einer Ferienwohnung in Wei\u00dfenburg \/ Bayern -unweit vom Brombachsee","potentialAction":[{"@type":"SearchAction","target":{"@type":"EntryPoint","urlTemplate":"https:\/\/www.ferienwohnung-lux.de\/?s={search_term_string}"},"query-input":{"@type":"PropertyValueSpecification","valueRequired":true,"valueName":"search_term_string"}}],"inLanguage":"de"}]}},"_links":{"self":[{"href":"https:\/\/www.ferienwohnung-lux.de\/index.php\/wp-json\/wp\/v2\/pages\/99","targetHints":{"allow":["GET"]}}],"collection":[{"href":"https:\/\/www.ferienwohnung-lux.de\/index.php\/wp-json\/wp\/v2\/pages"}],"about":[{"href":"https:\/\/www.ferienwohnung-lux.de\/index.php\/wp-json\/wp\/v2\/types\/page"}],"author":[{"embeddable":true,"href":"https:\/\/www.ferienwohnung-lux.de\/index.php\/wp-json\/wp\/v2\/users\/2"}],"replies":[{"embeddable":true,"href":"https:\/\/www.ferienwohnung-lux.de\/index.php\/wp-json\/wp\/v2\/comments?post=99"}],"version-history":[{"count":16,"href":"https:\/\/www.ferienwohnung-lux.de\/index.php\/wp-json\/wp\/v2\/pages\/99\/revisions"}],"predecessor-version":[{"id":310,"href":"https:\/\/www.ferienwohnung-lux.de\/index.php\/wp-json\/wp\/v2\/pages\/99\/revisions\/310"}],"wp:attachment":[{"href":"https:\/\/www.ferienwohnung-lux.de\/index.php\/wp-json\/wp\/v2\/media?parent=99"}],"curies":[{"name":"wp","href":"https:\/\/api.w.org\/{rel}","templated":true}]}}